{"id":280,"date":"2022-07-03T14:54:30","date_gmt":"2022-07-03T19:54:30","guid":{"rendered":"https:\/\/marinarivieranayarit.com\/?page_id=280"},"modified":"2022-09-19T01:51:01","modified_gmt":"2022-09-19T06:51:01","slug":"contacto","status":"publish","type":"page","link":"https:\/\/marinarivieranayarit.com\/en\/contacto\/","title":{"rendered":"Contact"},"content":{"rendered":"<div data-elementor-type=\"wp-page\" data-elementor-id=\"280\" class=\"elementor elementor-280\">\n\t\t\t\t\t\t<section class=\"elementor-section elementor-top-section elementor-element elementor-element-0532e80 elementor-section-height-min-height elementor-section-boxed elementor-section-height-default elementor-section-items-middle\" data-id=\"0532e80\" data-element_type=\"section\" data-settings=\"{&quot;background_background&quot;:&quot;classic&quot;}\">\n\t\t\t\t\t\t\t<div class=\"elementor-background-overlay\"><\/div>\n\t\t\t\t\t\t\t<div class=\"elementor-container elementor-column-gap-default\">\n\t\t\t\t\t<div class=\"elementor-column elementor-col-100 elementor-top-column elementor-element elementor-element-a0f8ebf\" data-id=\"a0f8ebf\" data-element_type=\"column\">\n\t\t\t<div class=\"elementor-widget-wrap elementor-element-populated\">\n\t\t\t\t\t\t<div class=\"elementor-element elementor-element-1ad016b elementor-widget elementor-widget-heading\" data-id=\"1ad016b\" data-element_type=\"widget\" data-widget_type=\"heading.default\">\n\t\t\t\t<div class=\"elementor-widget-container\">\n\t\t\t\t\t<h1 class=\"elementor-heading-title elementor-size-xxl\">CONTACT<\/h1>\t\t\t\t<\/div>\n\t\t\t\t<\/div>\n\t\t\t\t\t<\/div>\n\t\t<\/div>\n\t\t\t\t\t<\/div>\n\t\t<\/section>\n\t\t\t\t<section class=\"elementor-section elementor-top-section elementor-element elementor-element-2c2680e elementor-section-boxed elementor-section-height-default elementor-section-height-default\" data-id=\"2c2680e\" data-element_type=\"section\">\n\t\t\t\t\t\t<div class=\"elementor-container elementor-column-gap-default\">\n\t\t\t\t\t<div class=\"elementor-column elementor-col-100 elementor-top-column elementor-element elementor-element-d690ae1\" data-id=\"d690ae1\" data-element_type=\"column\">\n\t\t\t<div class=\"elementor-widget-wrap elementor-element-populated\">\n\t\t\t\t\t\t<div class=\"elementor-element elementor-element-3043519 elementor-widget elementor-widget-spacer\" data-id=\"3043519\" data-element_type=\"widget\" data-widget_type=\"spacer.default\">\n\t\t\t\t<div class=\"elementor-widget-container\">\n\t\t\t\t\t\t\t<div class=\"elementor-spacer\">\n\t\t\t<div class=\"elementor-spacer-inner\"><\/div>\n\t\t<\/div>\n\t\t\t\t\t\t<\/div>\n\t\t\t\t<\/div>\n\t\t\t\t\t<\/div>\n\t\t<\/div>\n\t\t\t\t\t<\/div>\n\t\t<\/section>\n\t\t\t\t<section class=\"elementor-section elementor-top-section elementor-element elementor-element-26f9851 elementor-section-boxed elementor-section-height-default elementor-section-height-default\" data-id=\"26f9851\" data-element_type=\"section\">\n\t\t\t\t\t\t<div class=\"elementor-container elementor-column-gap-default\">\n\t\t\t\t\t<div class=\"elementor-column elementor-col-50 elementor-top-column elementor-element elementor-element-c4e8e06\" data-id=\"c4e8e06\" data-element_type=\"column\">\n\t\t\t<div class=\"elementor-widget-wrap elementor-element-populated\">\n\t\t\t\t\t\t<div class=\"elementor-element elementor-element-4361ebb elementor-widget elementor-widget-heading\" data-id=\"4361ebb\" data-element_type=\"widget\" data-widget_type=\"heading.default\">\n\t\t\t\t<div class=\"elementor-widget-container\">\n\t\t\t\t\t<h2 class=\"elementor-heading-title elementor-size-default\">Misellanius Information<\/h2>\t\t\t\t<\/div>\n\t\t\t\t<\/div>\n\t\t\t\t<div class=\"elementor-element elementor-element-8d2301a elementor-widget elementor-widget-text-editor\" data-id=\"8d2301a\" data-element_type=\"widget\" data-widget_type=\"text-editor.default\">\n\t\t\t\t<div class=\"elementor-widget-container\">\n\t\t\t\t\t\t\t\t\t<p>In Marina RIviera Nayarit at La Cruz, it is a pleasure taking care of you. Please complete the information requested in the form below and send it by clicking the buttom \"SUBMIT\". A representant of Marina Riviera Nayarit will receive your request and will get back to you as soon as possible.<\/p>\t\t\t\t\t\t\t\t<\/div>\n\t\t\t\t<\/div>\n\t\t\t\t<div class=\"elementor-element elementor-element-9f3afce elementor-widget elementor-widget-text-editor\" data-id=\"9f3afce\" data-element_type=\"widget\" data-widget_type=\"text-editor.default\">\n\t\t\t\t<div class=\"elementor-widget-container\">\n\t\t\t\t\t\t\t\t\t<p><i class=\"muted\">All fields with the mark (*) are mandatory<\/i><\/p>\t\t\t\t\t\t\t\t<\/div>\n\t\t\t\t<\/div>\n\t\t\t\t<div class=\"elementor-element elementor-element-5f15883 eael-contact-form-7-button-align-left eael-contact-form-7-button-custom elementor-widget elementor-widget-eael-contact-form-7\" data-id=\"5f15883\" data-element_type=\"widget\" data-widget_type=\"eael-contact-form-7.default\">\n\t\t\t\t<div class=\"elementor-widget-container\">\n\t\t\t\t\t<div class=\"eael-contact-form-7-wrapper\">\n                <div class=\"eael-contact-form eael-contact-form-7 eael-contact-form-5f15883 placeholder-show eael-contact-form-align-default\">\n<div class=\"wpcf7 no-js\" id=\"wpcf7-f116-o1\" lang=\"en\" dir=\"ltr\" data-wpcf7-id=\"116\">\n<div class=\"screen-reader-response\"><p role=\"status\" aria-live=\"polite\" aria-atomic=\"true\"><\/p> <ul><\/ul><\/div>\n<form action=\"\/en\/wp-json\/wp\/v2\/pages\/280#wpcf7-f116-o1\" method=\"post\" class=\"wpcf7-form init\" aria-label=\"Contact form\" novalidate=\"novalidate\" data-status=\"init\" data-trp-original-action=\"\/en\/wp-json\/wp\/v2\/pages\/280#wpcf7-f116-o1\">\n<div style=\"display: none;\">\n<input type=\"hidden\" name=\"_wpcf7\" value=\"116\" \/>\n<input type=\"hidden\" name=\"_wpcf7_version\" value=\"6.0.5\" \/>\n<input type=\"hidden\" name=\"_wpcf7_locale\" value=\"en\" \/>\n<input type=\"hidden\" name=\"_wpcf7_unit_tag\" value=\"wpcf7-f116-o1\" \/>\n<input type=\"hidden\" name=\"_wpcf7_container_post\" value=\"0\" \/>\n<input type=\"hidden\" name=\"_wpcf7_posted_data_hash\" value=\"\" \/>\n<input type=\"hidden\" name=\"_wpcf7_recaptcha_response\" value=\"\" \/>\n<\/div>\n<div class=\"mainform\">\n\t<div class=\"nombre\">\n\t\t<p><span class=\"wpcf7-form-control-wrap\" data-name=\"nombre\"><input size=\"40\" maxlength=\"400\" class=\"wpcf7-form-control wpcf7-text\" id=\"nombre\" aria-invalid=\"false\" placeholder=\"Name...\" value=\"\" type=\"text\" name=\"nombre\" \/><\/span>\n\t\t<\/p>\n\t<\/div>\n\t<div class=\"email\">\n\t\t<p><span class=\"wpcf7-form-control-wrap\" data-name=\"your-email\"><input size=\"40\" maxlength=\"400\" class=\"wpcf7-form-control wpcf7-email wpcf7-validates-as-required wpcf7-text wpcf7-validates-as-email\" id=\"email\" aria-required=\"true\" aria-invalid=\"false\" placeholder=\"Email...\" value=\"\" type=\"email\" name=\"your-email\" \/><\/span>\n\t\t<\/p>\n\t<\/div>\n\t<div class=\"asunto\">\n\t\t<p><span class=\"wpcf7-form-control-wrap\" data-name=\"your-subject\"><input size=\"40\" maxlength=\"400\" class=\"wpcf7-form-control wpcf7-text wpcf7-validates-as-required\" id=\"asunto\" aria-required=\"true\" aria-invalid=\"false\" placeholder=\"Subject\" value=\"\" type=\"text\" name=\"your-subject\" \/><\/span>\n\t\t<\/p>\n\t<\/div>\n\t<div class=\"mensaje\">\n\t\t<p><span class=\"wpcf7-form-control-wrap\" data-name=\"your-message\"><textarea cols=\"40\" rows=\"10\" maxlength=\"2000\" class=\"wpcf7-form-control wpcf7-textarea\" id=\"mensaje\" aria-invalid=\"false\" placeholder=\"Message\" name=\"your-message\"><\/textarea><\/span>\n\t\t<\/p>\n\t<\/div>\n\t<p><input class=\"wpcf7-form-control wpcf7-submit has-spinner\" id=\"boton\" type=\"submit\" value=\"Send Message\" \/>\n\t<\/p>\n<\/div><p style=\"display: none !important;\" class=\"akismet-fields-container\" data-prefix=\"_wpcf7_ak_\"><label>&#916;<textarea name=\"_wpcf7_ak_hp_textarea\" cols=\"45\" rows=\"8\" maxlength=\"100\"><\/textarea><\/label><input type=\"hidden\" id=\"ak_js_1\" name=\"_wpcf7_ak_js\" value=\"151\"\/><script>document.getElementById( \"ak_js_1\" ).setAttribute( \"value\", ( new Date() ).getTime() );<\/script><\/p><div class=\"wpcf7-response-output\" aria-hidden=\"true\"><\/div>\n<input type=\"hidden\" name=\"trp-form-language\" value=\"en\"\/><\/form>\n<\/div>\n<\/div>\n            <\/div>\t\t\t\t<\/div>\n\t\t\t\t<\/div>\n\t\t\t\t\t<\/div>\n\t\t<\/div>\n\t\t\t\t<div class=\"elementor-column elementor-col-50 elementor-top-column elementor-element elementor-element-8f2075a\" data-id=\"8f2075a\" data-element_type=\"column\">\n\t\t\t<div class=\"elementor-widget-wrap elementor-element-populated\">\n\t\t\t\t\t\t<div class=\"elementor-element elementor-element-f24f4cd elementor-widget elementor-widget-heading\" data-id=\"f24f4cd\" data-element_type=\"widget\" data-widget_type=\"heading.default\">\n\t\t\t\t<div class=\"elementor-widget-container\">\n\t\t\t\t\t<h2 class=\"elementor-heading-title elementor-size-default\">OFFICE PHONE NUMBERS<\/h2>\t\t\t\t<\/div>\n\t\t\t\t<\/div>\n\t\t\t\t<div class=\"elementor-element elementor-element-df04b04 elementor-widget elementor-widget-text-editor\" data-id=\"df04b04\" data-element_type=\"widget\" data-widget_type=\"text-editor.default\">\n\t\t\t\t<div class=\"elementor-widget-container\">\n\t\t\t\t\t\t\t\t\t<span>+52 329 295 5565\n<br>\n+52 329 295 5526<\/span>\t\t\t\t\t\t\t\t<\/div>\n\t\t\t\t<\/div>\n\t\t\t\t<div class=\"elementor-element elementor-element-9e1b44f elementor-widget elementor-widget-heading\" data-id=\"9e1b44f\" data-element_type=\"widget\" data-widget_type=\"heading.default\">\n\t\t\t\t<div class=\"elementor-widget-container\">\n\t\t\t\t\t<h2 class=\"elementor-heading-title elementor-size-default\">Email:<\/h2>\t\t\t\t<\/div>\n\t\t\t\t<\/div>\n\t\t\t\t<div class=\"elementor-element elementor-element-e929ffd elementor-widget elementor-widget-text-editor\" data-id=\"e929ffd\" data-element_type=\"widget\" data-widget_type=\"text-editor.default\">\n\t\t\t\t<div class=\"elementor-widget-container\">\n\t\t\t\t\t\t\t\t\t<p>info@marinarivieranayarit.com<\/p>\t\t\t\t\t\t\t\t<\/div>\n\t\t\t\t<\/div>\n\t\t\t\t<div class=\"elementor-element elementor-element-82fdefd elementor-widget elementor-widget-google_maps\" data-id=\"82fdefd\" data-element_type=\"widget\" data-widget_type=\"google_maps.default\">\n\t\t\t\t<div class=\"elementor-widget-container\">\n\t\t\t\t\t\t\t<div class=\"elementor-custom-embed\">\n\t\t\t<iframe loading=\"lazy\"\n\t\t\t\t\tsrc=\"https:\/\/maps.google.com\/maps?q=Marina%20Cruz%20de%20Huanacaxtle&#038;t=m&#038;z=12&#038;output=embed&#038;iwloc=near\"\n\t\t\t\t\ttitle=\"Marina Cruz de Huanacaxtle\"\n\t\t\t\t\taria-label=\"Marina Cruz de Huanacaxtle\"\n\t\t\t><\/iframe>\n\t\t<\/div>\n\t\t\t\t\t\t<\/div>\n\t\t\t\t<\/div>\n\t\t\t\t\t<\/div>\n\t\t<\/div>\n\t\t\t\t\t<\/div>\n\t\t<\/section>\n\t\t\t\t<section class=\"elementor-section elementor-top-section elementor-element elementor-element-0675192 elementor-section-boxed elementor-section-height-default elementor-section-height-default\" data-id=\"0675192\" data-element_type=\"section\">\n\t\t\t\t\t\t<div class=\"elementor-container elementor-column-gap-default\">\n\t\t\t\t\t<div class=\"elementor-column elementor-col-100 elementor-top-column elementor-element elementor-element-0926afc\" data-id=\"0926afc\" data-element_type=\"column\">\n\t\t\t<div class=\"elementor-widget-wrap elementor-element-populated\">\n\t\t\t\t\t\t<div class=\"elementor-element elementor-element-f3b39bf elementor-widget elementor-widget-spacer\" data-id=\"f3b39bf\" data-element_type=\"widget\" data-widget_type=\"spacer.default\">\n\t\t\t\t<div class=\"elementor-widget-container\">\n\t\t\t\t\t\t\t<div class=\"elementor-spacer\">\n\t\t\t<div class=\"elementor-spacer-inner\"><\/div>\n\t\t<\/div>\n\t\t\t\t\t\t<\/div>\n\t\t\t\t<\/div>\n\t\t\t\t\t<\/div>\n\t\t<\/div>\n\t\t\t\t\t<\/div>\n\t\t<\/section>\n\t\t\t\t<\/div>","protected":false},"excerpt":{"rendered":"<p>CONTACTO Informac\u00f3n General En Marina Riviera Nayarit at La Cruz, es un placer atenderle. Por favor introduzca los datos solicitados en el siguiente formulario y env\u00edelo presionando el bot\u00f3n. Personal de la Marina Riviera Nayarit revisar\u00e1 su solicitud y se pondr\u00e1 en contacto con usted a la brevedad posible. Enviar un correo electr\u00f3nico. Todos los &hellip;<\/p>\n<p class=\"read-more\"> <a class=\"\" href=\"https:\/\/marinarivieranayarit.com\/en\/contacto\/\"> <span class=\"screen-reader-text\">Contact<\/span> Read More &raquo;<\/a><\/p>","protected":false},"author":1,"featured_media":0,"parent":0,"menu_order":0,"comment_status":"closed","ping_status":"closed","template":"elementor_header_footer","meta":{"site-sidebar-layout":"no-sidebar","site-content-layout":"page-builder","ast-global-header-display":"","ast-main-header-display":"","ast-hfb-above-header-display":"","ast-hfb-below-header-display":"","ast-hfb-mobile-header-display":"","site-post-title":"disabled","ast-breadcrumbs-content":"","ast-featured-img":"disabled","footer-sml-layout":"","theme-transparent-header-meta":"","adv-header-id-meta":"","stick-header-meta":"","header-above-stick-meta":"","header-main-stick-meta":"","header-below-stick-meta":"","footnotes":""},"class_list":["post-280","page","type-page","status-publish","hentry"],"yoast_head":"<!-- This site is optimized with the Yoast SEO plugin v24.8.1 - https:\/\/yoast.com\/wordpress\/plugins\/seo\/ -->\n<title>Contacto - Marina Riviera Nayarit at La Cruz<\/title>\n<meta name=\"description\" content=\"Marina Riviera Nayarit at La Cruz en La Cruz de Huanacaxtle fu\u00e9 dise\u00f1ada para ser la mejor marina de M\u00e9xico ofreciendo servicios de la m\u00e1s alta calidad dentro de todo el complejo.\" \/>\n<meta name=\"robots\" content=\"index, follow, max-snippet:-1, max-image-preview:large, max-video-preview:-1\" \/>\n<link rel=\"canonical\" href=\"https:\/\/marinarivieranayarit.com\/en\/contacto\/\" \/>\n<meta property=\"og:locale\" content=\"en_US\" \/>\n<meta property=\"og:type\" content=\"article\" \/>\n<meta property=\"og:title\" content=\"Contacto - Marina Riviera Nayarit at La Cruz\" \/>\n<meta property=\"og:description\" content=\"Marina Riviera Nayarit at La Cruz en La Cruz de Huanacaxtle fu\u00e9 dise\u00f1ada para ser la mejor marina de M\u00e9xico ofreciendo servicios de la m\u00e1s alta calidad dentro de todo el complejo.\" \/>\n<meta property=\"og:url\" content=\"https:\/\/marinarivieranayarit.com\/en\/contacto\/\" \/>\n<meta property=\"og:site_name\" content=\"Marina Riviera Nayarit at La Cruz\" \/>\n<meta property=\"article:modified_time\" content=\"2022-09-19T06:51:01+00:00\" \/>\n<meta name=\"twitter:card\" content=\"summary_large_image\" \/>\n<meta name=\"twitter:label1\" content=\"Est. reading time\" \/>\n\t<meta name=\"twitter:data1\" content=\"1 minute\" \/>\n<script type=\"application\/ld+json\" class=\"yoast-schema-graph\">{\"@context\":\"https:\/\/schema.org\",\"@graph\":[{\"@type\":\"WebPage\",\"@id\":\"https:\/\/marinarivieranayarit.com\/contacto\/\",\"url\":\"https:\/\/marinarivieranayarit.com\/contacto\/\",\"name\":\"Contacto - Marina Riviera Nayarit at La Cruz\",\"isPartOf\":{\"@id\":\"https:\/\/marinarivieranayarit.com\/#website\"},\"datePublished\":\"2022-07-03T19:54:30+00:00\",\"dateModified\":\"2022-09-19T06:51:01+00:00\",\"description\":\"Marina Riviera Nayarit at La Cruz en La Cruz de Huanacaxtle fu\u00e9 dise\u00f1ada para ser la mejor marina de M\u00e9xico ofreciendo servicios de la m\u00e1s alta calidad dentro de todo el complejo.\",\"breadcrumb\":{\"@id\":\"https:\/\/marinarivieranayarit.com\/contacto\/#breadcrumb\"},\"inLanguage\":\"en-US\",\"potentialAction\":[{\"@type\":\"ReadAction\",\"target\":[\"https:\/\/marinarivieranayarit.com\/contacto\/\"]}]},{\"@type\":\"BreadcrumbList\",\"@id\":\"https:\/\/marinarivieranayarit.com\/contacto\/#breadcrumb\",\"itemListElement\":[{\"@type\":\"ListItem\",\"position\":1,\"name\":\"Portada\",\"item\":\"https:\/\/marinarivieranayarit.com\/\"},{\"@type\":\"ListItem\",\"position\":2,\"name\":\"Contacto\"}]},{\"@type\":\"WebSite\",\"@id\":\"https:\/\/marinarivieranayarit.com\/#website\",\"url\":\"https:\/\/marinarivieranayarit.com\/\",\"name\":\"Marina Riviera Nayarit at La Cruz\",\"description\":\"Cruz de Huanacaxtle\",\"publisher\":{\"@id\":\"https:\/\/marinarivieranayarit.com\/#organization\"},\"potentialAction\":[{\"@type\":\"SearchAction\",\"target\":{\"@type\":\"EntryPoint\",\"urlTemplate\":\"https:\/\/marinarivieranayarit.com\/?s={search_term_string}\"},\"query-input\":{\"@type\":\"PropertyValueSpecification\",\"valueRequired\":true,\"valueName\":\"search_term_string\"}}],\"inLanguage\":\"en-US\"},{\"@type\":\"Organization\",\"@id\":\"https:\/\/marinarivieranayarit.com\/#organization\",\"name\":\"Marina Riviera Nayarit at La Cruz\",\"url\":\"https:\/\/marinarivieranayarit.com\/\",\"logo\":{\"@type\":\"ImageObject\",\"inLanguage\":\"en-US\",\"@id\":\"https:\/\/marinarivieranayarit.com\/#\/schema\/logo\/image\/\",\"url\":\"https:\/\/marinarivieranayarit.com\/wp-content\/uploads\/2022\/07\/logo-1.png\",\"contentUrl\":\"https:\/\/marinarivieranayarit.com\/wp-content\/uploads\/2022\/07\/logo-1.png\",\"width\":245,\"height\":70,\"caption\":\"Marina Riviera Nayarit at La Cruz\"},\"image\":{\"@id\":\"https:\/\/marinarivieranayarit.com\/#\/schema\/logo\/image\/\"}}]}<\/script>\n<!-- \/ Yoast SEO plugin. -->","yoast_head_json":{"title":"Contacto - Marina Riviera Nayarit at La Cruz","description":"Marina Riviera Nayarit at La Cruz en La Cruz de Huanacaxtle fu\u00e9 dise\u00f1ada para ser la mejor marina de M\u00e9xico ofreciendo servicios de la m\u00e1s alta calidad dentro de todo el complejo.","robots":{"index":"index","follow":"follow","max-snippet":"max-snippet:-1","max-image-preview":"max-image-preview:large","max-video-preview":"max-video-preview:-1"},"canonical":"https:\/\/marinarivieranayarit.com\/en\/contacto\/","og_locale":"en_US","og_type":"article","og_title":"Contacto - Marina Riviera Nayarit at La Cruz","og_description":"Marina Riviera Nayarit at La Cruz en La Cruz de Huanacaxtle fu\u00e9 dise\u00f1ada para ser la mejor marina de M\u00e9xico ofreciendo servicios de la m\u00e1s alta calidad dentro de todo el complejo.","og_url":"https:\/\/marinarivieranayarit.com\/en\/contacto\/","og_site_name":"Marina Riviera Nayarit at La Cruz","article_modified_time":"2022-09-19T06:51:01+00:00","twitter_card":"summary_large_image","twitter_misc":{"Est. reading time":"1 minute"},"schema":{"@context":"https:\/\/schema.org","@graph":[{"@type":"WebPage","@id":"https:\/\/marinarivieranayarit.com\/contacto\/","url":"https:\/\/marinarivieranayarit.com\/contacto\/","name":"Contacto - Marina Riviera Nayarit at La Cruz","isPartOf":{"@id":"https:\/\/marinarivieranayarit.com\/#website"},"datePublished":"2022-07-03T19:54:30+00:00","dateModified":"2022-09-19T06:51:01+00:00","description":"Marina Riviera Nayarit at La Cruz en La Cruz de Huanacaxtle fu\u00e9 dise\u00f1ada para ser la mejor marina de M\u00e9xico ofreciendo servicios de la m\u00e1s alta calidad dentro de todo el complejo.","breadcrumb":{"@id":"https:\/\/marinarivieranayarit.com\/contacto\/#breadcrumb"},"inLanguage":"en-US","potentialAction":[{"@type":"ReadAction","target":["https:\/\/marinarivieranayarit.com\/contacto\/"]}]},{"@type":"BreadcrumbList","@id":"https:\/\/marinarivieranayarit.com\/contacto\/#breadcrumb","itemListElement":[{"@type":"ListItem","position":1,"name":"Portada","item":"https:\/\/marinarivieranayarit.com\/"},{"@type":"ListItem","position":2,"name":"Contacto"}]},{"@type":"WebSite","@id":"https:\/\/marinarivieranayarit.com\/#website","url":"https:\/\/marinarivieranayarit.com\/","name":"Marina Riviera Nayarit at La Cruz","description":"Cruz de Huanacaxtle","publisher":{"@id":"https:\/\/marinarivieranayarit.com\/#organization"},"potentialAction":[{"@type":"SearchAction","target":{"@type":"EntryPoint","urlTemplate":"https:\/\/marinarivieranayarit.com\/?s={search_term_string}"},"query-input":{"@type":"PropertyValueSpecification","valueRequired":true,"valueName":"search_term_string"}}],"inLanguage":"en-US"},{"@type":"Organization","@id":"https:\/\/marinarivieranayarit.com\/#organization","name":"Marina Riviera Nayarit at La Cruz","url":"https:\/\/marinarivieranayarit.com\/","logo":{"@type":"ImageObject","inLanguage":"en-US","@id":"https:\/\/marinarivieranayarit.com\/#\/schema\/logo\/image\/","url":"https:\/\/marinarivieranayarit.com\/wp-content\/uploads\/2022\/07\/logo-1.png","contentUrl":"https:\/\/marinarivieranayarit.com\/wp-content\/uploads\/2022\/07\/logo-1.png","width":245,"height":70,"caption":"Marina Riviera Nayarit at La Cruz"},"image":{"@id":"https:\/\/marinarivieranayarit.com\/#\/schema\/logo\/image\/"}}]}},"_links":{"self":[{"href":"https:\/\/marinarivieranayarit.com\/en\/wp-json\/wp\/v2\/pages\/280","targetHints":{"allow":["GET"]}}],"collection":[{"href":"https:\/\/marinarivieranayarit.com\/en\/wp-json\/wp\/v2\/pages"}],"about":[{"href":"https:\/\/marinarivieranayarit.com\/en\/wp-json\/wp\/v2\/types\/page"}],"author":[{"embeddable":true,"href":"https:\/\/marinarivieranayarit.com\/en\/wp-json\/wp\/v2\/users\/1"}],"replies":[{"embeddable":true,"href":"https:\/\/marinarivieranayarit.com\/en\/wp-json\/wp\/v2\/comments?post=280"}],"version-history":[{"count":29,"href":"https:\/\/marinarivieranayarit.com\/en\/wp-json\/wp\/v2\/pages\/280\/revisions"}],"predecessor-version":[{"id":1816,"href":"https:\/\/marinarivieranayarit.com\/en\/wp-json\/wp\/v2\/pages\/280\/revisions\/1816"}],"wp:attachment":[{"href":"https:\/\/marinarivieranayarit.com\/en\/wp-json\/wp\/v2\/media?parent=280"}],"curies":[{"name":"wp","href":"https:\/\/api.w.org\/{rel}","templated":true}]}}