{"id":270,"date":"2022-07-03T14:51:40","date_gmt":"2022-07-03T19:51:40","guid":{"rendered":"https:\/\/marinarivieranayarit.com\/?page_id=270"},"modified":"2022-07-10T15:22:22","modified_gmt":"2022-07-10T20:22:22","slug":"mapa-de-la-marina","status":"publish","type":"page","link":"https:\/\/marinarivieranayarit.com\/en\/mapa-de-la-marina\/","title":{"rendered":"Marina Map"},"content":{"rendered":"<div data-elementor-type=\"wp-page\" data-elementor-id=\"270\" class=\"elementor elementor-270\">\n\t\t\t\t\t\t<section class=\"elementor-section elementor-top-section elementor-element elementor-element-5f4f625 elementor-section-boxed elementor-section-height-default elementor-section-height-default\" data-id=\"5f4f625\" data-element_type=\"section\">\n\t\t\t\t\t\t<div class=\"elementor-container elementor-column-gap-default\">\n\t\t\t\t\t<div class=\"elementor-column elementor-col-100 elementor-top-column elementor-element elementor-element-75e2346\" data-id=\"75e2346\" data-element_type=\"column\">\n\t\t\t<div class=\"elementor-widget-wrap elementor-element-populated\">\n\t\t\t\t\t\t<div class=\"elementor-element elementor-element-04c2d60 elementor-widget elementor-widget-spacer\" data-id=\"04c2d60\" data-element_type=\"widget\" data-widget_type=\"spacer.default\">\n\t\t\t\t<div class=\"elementor-widget-container\">\n\t\t\t\t\t\t\t<div class=\"elementor-spacer\">\n\t\t\t<div class=\"elementor-spacer-inner\"><\/div>\n\t\t<\/div>\n\t\t\t\t\t\t<\/div>\n\t\t\t\t<\/div>\n\t\t\t\t<div class=\"elementor-element elementor-element-7e5299b elementor-widget elementor-widget-heading\" data-id=\"7e5299b\" data-element_type=\"widget\" data-widget_type=\"heading.default\">\n\t\t\t\t<div class=\"elementor-widget-container\">\n\t\t\t\t\t<h2 class=\"elementor-heading-title elementor-size-default\">MARINA MAP<\/h2>\t\t\t\t<\/div>\n\t\t\t\t<\/div>\n\t\t\t\t\t<\/div>\n\t\t<\/div>\n\t\t\t\t\t<\/div>\n\t\t<\/section>\n\t\t\t\t<section class=\"elementor-section elementor-top-section elementor-element elementor-element-34cfa9d elementor-section-boxed elementor-section-height-default elementor-section-height-default\" data-id=\"34cfa9d\" data-element_type=\"section\">\n\t\t\t\t\t\t<div class=\"elementor-container elementor-column-gap-default\">\n\t\t\t\t\t<div class=\"elementor-column elementor-col-100 elementor-top-column elementor-element elementor-element-5c77304\" data-id=\"5c77304\" data-element_type=\"column\">\n\t\t\t<div class=\"elementor-widget-wrap elementor-element-populated\">\n\t\t\t\t\t\t<div class=\"elementor-element elementor-element-133e86f elementor-widget elementor-widget-image\" data-id=\"133e86f\" data-element_type=\"widget\" data-widget_type=\"image.default\">\n\t\t\t\t<div class=\"elementor-widget-container\">\n\t\t\t\t\t\t\t\t\t\t\t\t\t\t\t<img fetchpriority=\"high\" decoding=\"async\" width=\"1007\" height=\"1013\" src=\"https:\/\/marinarivieranayarit.com\/wp-content\/uploads\/2022\/07\/mapaesp.jpg\" class=\"attachment-large size-large wp-image-688\" alt=\"\" srcset=\"https:\/\/marinarivieranayarit.com\/wp-content\/uploads\/2022\/07\/mapaesp.jpg 1007w, https:\/\/marinarivieranayarit.com\/wp-content\/uploads\/2022\/07\/mapaesp-298x300.jpg 298w, https:\/\/marinarivieranayarit.com\/wp-content\/uploads\/2022\/07\/mapaesp-150x150.jpg 150w, https:\/\/marinarivieranayarit.com\/wp-content\/uploads\/2022\/07\/mapaesp-768x773.jpg 768w, https:\/\/marinarivieranayarit.com\/wp-content\/uploads\/2022\/07\/mapaesp-12x12.jpg 12w\" sizes=\"(max-width: 1007px) 100vw, 1007px\" \/>\t\t\t\t\t\t\t\t\t\t\t\t\t\t\t<\/div>\n\t\t\t\t<\/div>\n\t\t\t\t\t<\/div>\n\t\t<\/div>\n\t\t\t\t\t<\/div>\n\t\t<\/section>\n\t\t\t\t<\/div>","protected":false},"excerpt":{"rendered":"<p>MARINA MAP<\/p>","protected":false},"author":1,"featured_media":0,"parent":0,"menu_order":0,"comment_status":"closed","ping_status":"closed","template":"elementor_header_footer","meta":{"site-sidebar-layout":"no-sidebar","site-content-layout":"page-builder","ast-global-header-display":"","ast-main-header-display":"","ast-hfb-above-header-display":"","ast-hfb-below-header-display":"","ast-hfb-mobile-header-display":"","site-post-title":"disabled","ast-breadcrumbs-content":"","ast-featured-img":"disabled","footer-sml-layout":"","theme-transparent-header-meta":"","adv-header-id-meta":"","stick-header-meta":"","header-above-stick-meta":"","header-main-stick-meta":"","header-below-stick-meta":"","footnotes":""},"class_list":["post-270","page","type-page","status-publish","hentry"],"yoast_head":"<!-- This site is optimized with the Yoast SEO plugin v24.8.1 - https:\/\/yoast.com\/wordpress\/plugins\/seo\/ -->\n<title>Mapa de La Marina - Marina Riviera Nayarit at La Cruz<\/title>\n<meta name=\"description\" content=\"Marina Riviera Nayarit at La Cruz en La Cruz de Huanacaxtle fu\u00e9 dise\u00f1ada para ser la mejor marina de M\u00e9xico ofreciendo servicios de la m\u00e1s alta calidad dentro de todo el complejo.\" \/>\n<meta name=\"robots\" content=\"index, follow, max-snippet:-1, max-image-preview:large, max-video-preview:-1\" \/>\n<link rel=\"canonical\" href=\"https:\/\/marinarivieranayarit.com\/en\/mapa-de-la-marina\/\" \/>\n<meta property=\"og:locale\" content=\"en_US\" \/>\n<meta property=\"og:type\" content=\"article\" \/>\n<meta property=\"og:title\" content=\"Mapa de La Marina - Marina Riviera Nayarit at La Cruz\" \/>\n<meta property=\"og:description\" content=\"Marina Riviera Nayarit at La Cruz en La Cruz de Huanacaxtle fu\u00e9 dise\u00f1ada para ser la mejor marina de M\u00e9xico ofreciendo servicios de la m\u00e1s alta calidad dentro de todo el complejo.\" \/>\n<meta property=\"og:url\" content=\"https:\/\/marinarivieranayarit.com\/en\/mapa-de-la-marina\/\" \/>\n<meta property=\"og:site_name\" content=\"Marina Riviera Nayarit at La Cruz\" \/>\n<meta property=\"article:modified_time\" content=\"2022-07-10T20:22:22+00:00\" \/>\n<meta property=\"og:image\" content=\"http:\/\/marina.condospuertovallarta.com\/wp-content\/uploads\/2022\/07\/mapaesp.jpg\" \/>\n<meta name=\"twitter:card\" content=\"summary_large_image\" \/>\n<script type=\"application\/ld+json\" class=\"yoast-schema-graph\">{\"@context\":\"https:\/\/schema.org\",\"@graph\":[{\"@type\":\"WebPage\",\"@id\":\"https:\/\/marinarivieranayarit.com\/mapa-de-la-marina\/\",\"url\":\"https:\/\/marinarivieranayarit.com\/mapa-de-la-marina\/\",\"name\":\"Mapa de La Marina - Marina Riviera Nayarit at La Cruz\",\"isPartOf\":{\"@id\":\"https:\/\/marinarivieranayarit.com\/#website\"},\"primaryImageOfPage\":{\"@id\":\"https:\/\/marinarivieranayarit.com\/mapa-de-la-marina\/#primaryimage\"},\"image\":{\"@id\":\"https:\/\/marinarivieranayarit.com\/mapa-de-la-marina\/#primaryimage\"},\"thumbnailUrl\":\"http:\/\/marina.condospuertovallarta.com\/wp-content\/uploads\/2022\/07\/mapaesp.jpg\",\"datePublished\":\"2022-07-03T19:51:40+00:00\",\"dateModified\":\"2022-07-10T20:22:22+00:00\",\"description\":\"Marina Riviera Nayarit at La Cruz en La Cruz de Huanacaxtle fu\u00e9 dise\u00f1ada para ser la mejor marina de M\u00e9xico ofreciendo servicios de la m\u00e1s alta calidad dentro de todo el complejo.\",\"breadcrumb\":{\"@id\":\"https:\/\/marinarivieranayarit.com\/mapa-de-la-marina\/#breadcrumb\"},\"inLanguage\":\"en-US\",\"potentialAction\":[{\"@type\":\"ReadAction\",\"target\":[\"https:\/\/marinarivieranayarit.com\/mapa-de-la-marina\/\"]}]},{\"@type\":\"ImageObject\",\"inLanguage\":\"en-US\",\"@id\":\"https:\/\/marinarivieranayarit.com\/mapa-de-la-marina\/#primaryimage\",\"url\":\"http:\/\/marina.condospuertovallarta.com\/wp-content\/uploads\/2022\/07\/mapaesp.jpg\",\"contentUrl\":\"http:\/\/marina.condospuertovallarta.com\/wp-content\/uploads\/2022\/07\/mapaesp.jpg\"},{\"@type\":\"BreadcrumbList\",\"@id\":\"https:\/\/marinarivieranayarit.com\/mapa-de-la-marina\/#breadcrumb\",\"itemListElement\":[{\"@type\":\"ListItem\",\"position\":1,\"name\":\"Portada\",\"item\":\"https:\/\/marinarivieranayarit.com\/\"},{\"@type\":\"ListItem\",\"position\":2,\"name\":\"Mapa de La Marina\"}]},{\"@type\":\"WebSite\",\"@id\":\"https:\/\/marinarivieranayarit.com\/#website\",\"url\":\"https:\/\/marinarivieranayarit.com\/\",\"name\":\"Marina Riviera Nayarit at La Cruz\",\"description\":\"Cruz de Huanacaxtle\",\"publisher\":{\"@id\":\"https:\/\/marinarivieranayarit.com\/#organization\"},\"potentialAction\":[{\"@type\":\"SearchAction\",\"target\":{\"@type\":\"EntryPoint\",\"urlTemplate\":\"https:\/\/marinarivieranayarit.com\/?s={search_term_string}\"},\"query-input\":{\"@type\":\"PropertyValueSpecification\",\"valueRequired\":true,\"valueName\":\"search_term_string\"}}],\"inLanguage\":\"en-US\"},{\"@type\":\"Organization\",\"@id\":\"https:\/\/marinarivieranayarit.com\/#organization\",\"name\":\"Marina Riviera Nayarit at La Cruz\",\"url\":\"https:\/\/marinarivieranayarit.com\/\",\"logo\":{\"@type\":\"ImageObject\",\"inLanguage\":\"en-US\",\"@id\":\"https:\/\/marinarivieranayarit.com\/#\/schema\/logo\/image\/\",\"url\":\"https:\/\/marinarivieranayarit.com\/wp-content\/uploads\/2022\/07\/logo-1.png\",\"contentUrl\":\"https:\/\/marinarivieranayarit.com\/wp-content\/uploads\/2022\/07\/logo-1.png\",\"width\":245,\"height\":70,\"caption\":\"Marina Riviera Nayarit at La Cruz\"},\"image\":{\"@id\":\"https:\/\/marinarivieranayarit.com\/#\/schema\/logo\/image\/\"}}]}<\/script>\n<!-- \/ Yoast SEO plugin. -->","yoast_head_json":{"title":"Mapa de La Marina - Marina Riviera Nayarit at La Cruz","description":"Marina Riviera Nayarit at La Cruz en La Cruz de Huanacaxtle fu\u00e9 dise\u00f1ada para ser la mejor marina de M\u00e9xico ofreciendo servicios de la m\u00e1s alta calidad dentro de todo el complejo.","robots":{"index":"index","follow":"follow","max-snippet":"max-snippet:-1","max-image-preview":"max-image-preview:large","max-video-preview":"max-video-preview:-1"},"canonical":"https:\/\/marinarivieranayarit.com\/en\/mapa-de-la-marina\/","og_locale":"en_US","og_type":"article","og_title":"Mapa de La Marina - Marina Riviera Nayarit at La Cruz","og_description":"Marina Riviera Nayarit at La Cruz en La Cruz de Huanacaxtle fu\u00e9 dise\u00f1ada para ser la mejor marina de M\u00e9xico ofreciendo servicios de la m\u00e1s alta calidad dentro de todo el complejo.","og_url":"https:\/\/marinarivieranayarit.com\/en\/mapa-de-la-marina\/","og_site_name":"Marina Riviera Nayarit at La Cruz","article_modified_time":"2022-07-10T20:22:22+00:00","og_image":[{"url":"http:\/\/marina.condospuertovallarta.com\/wp-content\/uploads\/2022\/07\/mapaesp.jpg","type":"","width":"","height":""}],"twitter_card":"summary_large_image","schema":{"@context":"https:\/\/schema.org","@graph":[{"@type":"WebPage","@id":"https:\/\/marinarivieranayarit.com\/mapa-de-la-marina\/","url":"https:\/\/marinarivieranayarit.com\/mapa-de-la-marina\/","name":"Mapa de La Marina - Marina Riviera Nayarit at La Cruz","isPartOf":{"@id":"https:\/\/marinarivieranayarit.com\/#website"},"primaryImageOfPage":{"@id":"https:\/\/marinarivieranayarit.com\/mapa-de-la-marina\/#primaryimage"},"image":{"@id":"https:\/\/marinarivieranayarit.com\/mapa-de-la-marina\/#primaryimage"},"thumbnailUrl":"http:\/\/marina.condospuertovallarta.com\/wp-content\/uploads\/2022\/07\/mapaesp.jpg","datePublished":"2022-07-03T19:51:40+00:00","dateModified":"2022-07-10T20:22:22+00:00","description":"Marina Riviera Nayarit at La Cruz en La Cruz de Huanacaxtle fu\u00e9 dise\u00f1ada para ser la mejor marina de M\u00e9xico ofreciendo servicios de la m\u00e1s alta calidad dentro de todo el complejo.","breadcrumb":{"@id":"https:\/\/marinarivieranayarit.com\/mapa-de-la-marina\/#breadcrumb"},"inLanguage":"en-US","potentialAction":[{"@type":"ReadAction","target":["https:\/\/marinarivieranayarit.com\/mapa-de-la-marina\/"]}]},{"@type":"ImageObject","inLanguage":"en-US","@id":"https:\/\/marinarivieranayarit.com\/mapa-de-la-marina\/#primaryimage","url":"http:\/\/marina.condospuertovallarta.com\/wp-content\/uploads\/2022\/07\/mapaesp.jpg","contentUrl":"http:\/\/marina.condospuertovallarta.com\/wp-content\/uploads\/2022\/07\/mapaesp.jpg"},{"@type":"BreadcrumbList","@id":"https:\/\/marinarivieranayarit.com\/mapa-de-la-marina\/#breadcrumb","itemListElement":[{"@type":"ListItem","position":1,"name":"Portada","item":"https:\/\/marinarivieranayarit.com\/"},{"@type":"ListItem","position":2,"name":"Mapa de La Marina"}]},{"@type":"WebSite","@id":"https:\/\/marinarivieranayarit.com\/#website","url":"https:\/\/marinarivieranayarit.com\/","name":"Marina Riviera Nayarit at La Cruz","description":"Cruz de Huanacaxtle","publisher":{"@id":"https:\/\/marinarivieranayarit.com\/#organization"},"potentialAction":[{"@type":"SearchAction","target":{"@type":"EntryPoint","urlTemplate":"https:\/\/marinarivieranayarit.com\/?s={search_term_string}"},"query-input":{"@type":"PropertyValueSpecification","valueRequired":true,"valueName":"search_term_string"}}],"inLanguage":"en-US"},{"@type":"Organization","@id":"https:\/\/marinarivieranayarit.com\/#organization","name":"Marina Riviera Nayarit at La Cruz","url":"https:\/\/marinarivieranayarit.com\/","logo":{"@type":"ImageObject","inLanguage":"en-US","@id":"https:\/\/marinarivieranayarit.com\/#\/schema\/logo\/image\/","url":"https:\/\/marinarivieranayarit.com\/wp-content\/uploads\/2022\/07\/logo-1.png","contentUrl":"https:\/\/marinarivieranayarit.com\/wp-content\/uploads\/2022\/07\/logo-1.png","width":245,"height":70,"caption":"Marina Riviera Nayarit at La Cruz"},"image":{"@id":"https:\/\/marinarivieranayarit.com\/#\/schema\/logo\/image\/"}}]}},"_links":{"self":[{"href":"https:\/\/marinarivieranayarit.com\/en\/wp-json\/wp\/v2\/pages\/270","targetHints":{"allow":["GET"]}}],"collection":[{"href":"https:\/\/marinarivieranayarit.com\/en\/wp-json\/wp\/v2\/pages"}],"about":[{"href":"https:\/\/marinarivieranayarit.com\/en\/wp-json\/wp\/v2\/types\/page"}],"author":[{"embeddable":true,"href":"https:\/\/marinarivieranayarit.com\/en\/wp-json\/wp\/v2\/users\/1"}],"replies":[{"embeddable":true,"href":"https:\/\/marinarivieranayarit.com\/en\/wp-json\/wp\/v2\/comments?post=270"}],"version-history":[{"count":4,"href":"https:\/\/marinarivieranayarit.com\/en\/wp-json\/wp\/v2\/pages\/270\/revisions"}],"predecessor-version":[{"id":691,"href":"https:\/\/marinarivieranayarit.com\/en\/wp-json\/wp\/v2\/pages\/270\/revisions\/691"}],"wp:attachment":[{"href":"https:\/\/marinarivieranayarit.com\/en\/wp-json\/wp\/v2\/media?parent=270"}],"curies":[{"name":"wp","href":"https:\/\/api.w.org\/{rel}","templated":true}]}}