{"id":1675,"date":"2022-09-03T13:03:10","date_gmt":"2022-09-03T18:03:10","guid":{"rendered":"https:\/\/marinarivieranayarit.com\/events\/tags\/"},"modified":"2022-09-03T13:03:10","modified_gmt":"2022-09-03T18:03:10","slug":"tags","status":"publish","type":"page","link":"https:\/\/marinarivieranayarit.com\/en\/events\/tags\/","title":{"rendered":"Tags"},"content":{"rendered":"<p>CONTENTS<\/p>","protected":false},"excerpt":{"rendered":"<p>CONTENTS<\/p>","protected":false},"author":1,"featured_media":0,"parent":1672,"menu_order":0,"comment_status":"closed","ping_status":"open","template":"","meta":{"site-sidebar-layout":"default","site-content-layout":"default","ast-global-header-display":"","ast-main-header-display":"","ast-hfb-above-header-display":"","ast-hfb-below-header-display":"","ast-hfb-mobile-header-display":"","site-post-title":"","ast-breadcrumbs-content":"","ast-featured-img":"","footer-sml-layout":"","theme-transparent-header-meta":"","adv-header-id-meta":"","stick-header-meta":"","header-above-stick-meta":"","header-main-stick-meta":"","header-below-stick-meta":"","footnotes":""},"class_list":["post-1675","page","type-page","status-publish","hentry"],"yoast_head":"<!-- This site is optimized with the Yoast SEO plugin v24.8.1 - https:\/\/yoast.com\/wordpress\/plugins\/seo\/ -->\n<title>Tags - Marina Riviera Nayarit at La Cruz<\/title>\n<meta name=\"description\" content=\"Marina Riviera Nayarit at La Cruz en La Cruz de Huanacaxtle fu\u00e9 dise\u00f1ada para ser la mejor marina de M\u00e9xico ofreciendo servicios de la m\u00e1s alta calidad dentro de todo el complejo.\" \/>\n<meta name=\"robots\" content=\"index, follow, max-snippet:-1, max-image-preview:large, max-video-preview:-1\" \/>\n<link rel=\"canonical\" href=\"https:\/\/marinarivieranayarit.com\/en\/events\/tags\/\" \/>\n<meta property=\"og:locale\" content=\"en_US\" \/>\n<meta property=\"og:type\" content=\"article\" \/>\n<meta property=\"og:title\" content=\"Tags - Marina Riviera Nayarit at La Cruz\" \/>\n<meta property=\"og:description\" content=\"Marina Riviera Nayarit at La Cruz en La Cruz de Huanacaxtle fu\u00e9 dise\u00f1ada para ser la mejor marina de M\u00e9xico ofreciendo servicios de la m\u00e1s alta calidad dentro de todo el complejo.\" \/>\n<meta property=\"og:url\" content=\"https:\/\/marinarivieranayarit.com\/en\/events\/tags\/\" \/>\n<meta property=\"og:site_name\" content=\"Marina Riviera Nayarit at La Cruz\" \/>\n<meta name=\"twitter:card\" content=\"summary_large_image\" \/>\n<script type=\"application\/ld+json\" class=\"yoast-schema-graph\">{\"@context\":\"https:\/\/schema.org\",\"@graph\":[{\"@type\":\"WebPage\",\"@id\":\"https:\/\/marinarivieranayarit.com\/events\/tags\/\",\"url\":\"https:\/\/marinarivieranayarit.com\/events\/tags\/\",\"name\":\"Tags - Marina Riviera Nayarit at La Cruz\",\"isPartOf\":{\"@id\":\"https:\/\/marinarivieranayarit.com\/#website\"},\"datePublished\":\"2022-09-03T18:03:10+00:00\",\"description\":\"Marina Riviera Nayarit at La Cruz en La Cruz de Huanacaxtle fu\u00e9 dise\u00f1ada para ser la mejor marina de M\u00e9xico ofreciendo servicios de la m\u00e1s alta calidad dentro de todo el complejo.\",\"breadcrumb\":{\"@id\":\"https:\/\/marinarivieranayarit.com\/events\/tags\/#breadcrumb\"},\"inLanguage\":\"en-US\",\"potentialAction\":[{\"@type\":\"ReadAction\",\"target\":[\"https:\/\/marinarivieranayarit.com\/events\/tags\/\"]}]},{\"@type\":\"BreadcrumbList\",\"@id\":\"https:\/\/marinarivieranayarit.com\/events\/tags\/#breadcrumb\",\"itemListElement\":[{\"@type\":\"ListItem\",\"position\":1,\"name\":\"Portada\",\"item\":\"https:\/\/marinarivieranayarit.com\/\"},{\"@type\":\"ListItem\",\"position\":2,\"name\":\"Events\",\"item\":\"https:\/\/marinarivieranayarit.com\/events\/\"},{\"@type\":\"ListItem\",\"position\":3,\"name\":\"Tags\"}]},{\"@type\":\"WebSite\",\"@id\":\"https:\/\/marinarivieranayarit.com\/#website\",\"url\":\"https:\/\/marinarivieranayarit.com\/\",\"name\":\"Marina Riviera Nayarit at La Cruz\",\"description\":\"Cruz de Huanacaxtle\",\"publisher\":{\"@id\":\"https:\/\/marinarivieranayarit.com\/#organization\"},\"potentialAction\":[{\"@type\":\"SearchAction\",\"target\":{\"@type\":\"EntryPoint\",\"urlTemplate\":\"https:\/\/marinarivieranayarit.com\/?s={search_term_string}\"},\"query-input\":{\"@type\":\"PropertyValueSpecification\",\"valueRequired\":true,\"valueName\":\"search_term_string\"}}],\"inLanguage\":\"en-US\"},{\"@type\":\"Organization\",\"@id\":\"https:\/\/marinarivieranayarit.com\/#organization\",\"name\":\"Marina Riviera Nayarit at La Cruz\",\"url\":\"https:\/\/marinarivieranayarit.com\/\",\"logo\":{\"@type\":\"ImageObject\",\"inLanguage\":\"en-US\",\"@id\":\"https:\/\/marinarivieranayarit.com\/#\/schema\/logo\/image\/\",\"url\":\"https:\/\/marinarivieranayarit.com\/wp-content\/uploads\/2022\/07\/logo-1.png\",\"contentUrl\":\"https:\/\/marinarivieranayarit.com\/wp-content\/uploads\/2022\/07\/logo-1.png\",\"width\":245,\"height\":70,\"caption\":\"Marina Riviera Nayarit at La Cruz\"},\"image\":{\"@id\":\"https:\/\/marinarivieranayarit.com\/#\/schema\/logo\/image\/\"}}]}<\/script>\n<!-- \/ Yoast SEO plugin. -->","yoast_head_json":{"title":"Tags - Marina Riviera Nayarit at La Cruz","description":"Marina Riviera Nayarit at La Cruz en La Cruz de Huanacaxtle fu\u00e9 dise\u00f1ada para ser la mejor marina de M\u00e9xico ofreciendo servicios de la m\u00e1s alta calidad dentro de todo el complejo.","robots":{"index":"index","follow":"follow","max-snippet":"max-snippet:-1","max-image-preview":"max-image-preview:large","max-video-preview":"max-video-preview:-1"},"canonical":"https:\/\/marinarivieranayarit.com\/en\/events\/tags\/","og_locale":"en_US","og_type":"article","og_title":"Tags - Marina Riviera Nayarit at La Cruz","og_description":"Marina Riviera Nayarit at La Cruz en La Cruz de Huanacaxtle fu\u00e9 dise\u00f1ada para ser la mejor marina de M\u00e9xico ofreciendo servicios de la m\u00e1s alta calidad dentro de todo el complejo.","og_url":"https:\/\/marinarivieranayarit.com\/en\/events\/tags\/","og_site_name":"Marina Riviera Nayarit at La Cruz","twitter_card":"summary_large_image","schema":{"@context":"https:\/\/schema.org","@graph":[{"@type":"WebPage","@id":"https:\/\/marinarivieranayarit.com\/events\/tags\/","url":"https:\/\/marinarivieranayarit.com\/events\/tags\/","name":"Tags - Marina Riviera Nayarit at La Cruz","isPartOf":{"@id":"https:\/\/marinarivieranayarit.com\/#website"},"datePublished":"2022-09-03T18:03:10+00:00","description":"Marina Riviera Nayarit at La Cruz en La Cruz de Huanacaxtle fu\u00e9 dise\u00f1ada para ser la mejor marina de M\u00e9xico ofreciendo servicios de la m\u00e1s alta calidad dentro de todo el complejo.","breadcrumb":{"@id":"https:\/\/marinarivieranayarit.com\/events\/tags\/#breadcrumb"},"inLanguage":"en-US","potentialAction":[{"@type":"ReadAction","target":["https:\/\/marinarivieranayarit.com\/events\/tags\/"]}]},{"@type":"BreadcrumbList","@id":"https:\/\/marinarivieranayarit.com\/events\/tags\/#breadcrumb","itemListElement":[{"@type":"ListItem","position":1,"name":"Portada","item":"https:\/\/marinarivieranayarit.com\/"},{"@type":"ListItem","position":2,"name":"Events","item":"https:\/\/marinarivieranayarit.com\/events\/"},{"@type":"ListItem","position":3,"name":"Tags"}]},{"@type":"WebSite","@id":"https:\/\/marinarivieranayarit.com\/#website","url":"https:\/\/marinarivieranayarit.com\/","name":"Marina Riviera Nayarit at La Cruz","description":"Cruz de Huanacaxtle","publisher":{"@id":"https:\/\/marinarivieranayarit.com\/#organization"},"potentialAction":[{"@type":"SearchAction","target":{"@type":"EntryPoint","urlTemplate":"https:\/\/marinarivieranayarit.com\/?s={search_term_string}"},"query-input":{"@type":"PropertyValueSpecification","valueRequired":true,"valueName":"search_term_string"}}],"inLanguage":"en-US"},{"@type":"Organization","@id":"https:\/\/marinarivieranayarit.com\/#organization","name":"Marina Riviera Nayarit at La Cruz","url":"https:\/\/marinarivieranayarit.com\/","logo":{"@type":"ImageObject","inLanguage":"en-US","@id":"https:\/\/marinarivieranayarit.com\/#\/schema\/logo\/image\/","url":"https:\/\/marinarivieranayarit.com\/wp-content\/uploads\/2022\/07\/logo-1.png","contentUrl":"https:\/\/marinarivieranayarit.com\/wp-content\/uploads\/2022\/07\/logo-1.png","width":245,"height":70,"caption":"Marina Riviera Nayarit at La Cruz"},"image":{"@id":"https:\/\/marinarivieranayarit.com\/#\/schema\/logo\/image\/"}}]}},"_links":{"self":[{"href":"https:\/\/marinarivieranayarit.com\/en\/wp-json\/wp\/v2\/pages\/1675","targetHints":{"allow":["GET"]}}],"collection":[{"href":"https:\/\/marinarivieranayarit.com\/en\/wp-json\/wp\/v2\/pages"}],"about":[{"href":"https:\/\/marinarivieranayarit.com\/en\/wp-json\/wp\/v2\/types\/page"}],"author":[{"embeddable":true,"href":"https:\/\/marinarivieranayarit.com\/en\/wp-json\/wp\/v2\/users\/1"}],"replies":[{"embeddable":true,"href":"https:\/\/marinarivieranayarit.com\/en\/wp-json\/wp\/v2\/comments?post=1675"}],"version-history":[{"count":0,"href":"https:\/\/marinarivieranayarit.com\/en\/wp-json\/wp\/v2\/pages\/1675\/revisions"}],"up":[{"embeddable":true,"href":"https:\/\/marinarivieranayarit.com\/en\/wp-json\/wp\/v2\/pages\/1672"}],"wp:attachment":[{"href":"https:\/\/marinarivieranayarit.com\/en\/wp-json\/wp\/v2\/media?parent=1675"}],"curies":[{"name":"wp","href":"https:\/\/api.w.org\/{rel}","templated":true}]}}