{"id":156,"date":"2022-07-03T02:35:25","date_gmt":"2022-07-03T07:35:25","guid":{"rendered":"https:\/\/marinarivieranayarit.com\/?page_id=156"},"modified":"2023-03-02T15:20:09","modified_gmt":"2023-03-02T21:20:09","slug":"solicitar-reservacion","status":"publish","type":"page","link":"https:\/\/marinarivieranayarit.com\/en\/solicitar-reservacion\/","title":{"rendered":"Request"},"content":{"rendered":"<div data-elementor-type=\"wp-page\" data-elementor-id=\"156\" class=\"elementor elementor-156\">\n\t\t\t\t\t\t<section class=\"elementor-section elementor-top-section elementor-element elementor-element-6d7f8e5 elementor-section-full_width elementor-section-height-min-height elementor-section-height-default elementor-section-items-middle\" data-id=\"6d7f8e5\" data-element_type=\"section\" data-settings=\"{&quot;background_background&quot;:&quot;classic&quot;}\">\n\t\t\t\t\t\t\t<div class=\"elementor-background-overlay\"><\/div>\n\t\t\t\t\t\t\t<div class=\"elementor-container elementor-column-gap-default\">\n\t\t\t\t\t<div class=\"elementor-column elementor-col-100 elementor-top-column elementor-element elementor-element-27a5ba9\" data-id=\"27a5ba9\" data-element_type=\"column\">\n\t\t\t<div class=\"elementor-widget-wrap elementor-element-populated\">\n\t\t\t\t\t\t<div class=\"elementor-element elementor-element-8ae61cf elementor-widget elementor-widget-heading\" data-id=\"8ae61cf\" data-element_type=\"widget\" data-widget_type=\"heading.default\">\n\t\t\t\t<div class=\"elementor-widget-container\">\n\t\t\t\t\t<h1 class=\"elementor-heading-title elementor-size-xxl\">Reservation Request<\/h1>\t\t\t\t<\/div>\n\t\t\t\t<\/div>\n\t\t\t\t\t<\/div>\n\t\t<\/div>\n\t\t\t\t\t<\/div>\n\t\t<\/section>\n\t\t\t\t<section class=\"elementor-section elementor-top-section elementor-element elementor-element-5102d29 elementor-section-boxed elementor-section-height-default elementor-section-height-default\" data-id=\"5102d29\" data-element_type=\"section\">\n\t\t\t\t\t\t<div class=\"elementor-container elementor-column-gap-default\">\n\t\t\t\t\t<div class=\"elementor-column elementor-col-100 elementor-top-column elementor-element elementor-element-9882baa\" data-id=\"9882baa\" data-element_type=\"column\">\n\t\t\t<div class=\"elementor-widget-wrap elementor-element-populated\">\n\t\t\t\t\t\t<div class=\"elementor-element elementor-element-106b289 elementor-widget elementor-widget-spacer\" data-id=\"106b289\" data-element_type=\"widget\" data-widget_type=\"spacer.default\">\n\t\t\t\t<div class=\"elementor-widget-container\">\n\t\t\t\t\t\t\t<div class=\"elementor-spacer\">\n\t\t\t<div class=\"elementor-spacer-inner\"><\/div>\n\t\t<\/div>\n\t\t\t\t\t\t<\/div>\n\t\t\t\t<\/div>\n\t\t\t\t\t<\/div>\n\t\t<\/div>\n\t\t\t\t\t<\/div>\n\t\t<\/section>\n\t\t\t\t<section class=\"elementor-section elementor-top-section elementor-element elementor-element-1c82239 elementor-section-boxed elementor-section-height-default elementor-section-height-default\" data-id=\"1c82239\" data-element_type=\"section\">\n\t\t\t\t\t\t<div class=\"elementor-container elementor-column-gap-default\">\n\t\t\t\t\t<div class=\"elementor-column elementor-col-50 elementor-top-column elementor-element elementor-element-627a892\" data-id=\"627a892\" data-element_type=\"column\">\n\t\t\t<div class=\"elementor-widget-wrap elementor-element-populated\">\n\t\t\t\t\t\t<div class=\"elementor-element elementor-element-537d226 elementor-widget elementor-widget-spacer\" data-id=\"537d226\" data-element_type=\"widget\" data-widget_type=\"spacer.default\">\n\t\t\t\t<div class=\"elementor-widget-container\">\n\t\t\t\t\t\t\t<div class=\"elementor-spacer\">\n\t\t\t<div class=\"elementor-spacer-inner\"><\/div>\n\t\t<\/div>\n\t\t\t\t\t\t<\/div>\n\t\t\t\t<\/div>\n\t\t\t\t<div class=\"elementor-element elementor-element-ff6b7db elementor-invisible elementor-widget elementor-widget-heading\" data-id=\"ff6b7db\" data-element_type=\"widget\" data-settings=\"{&quot;_animation&quot;:&quot;fadeInLeft&quot;}\" data-widget_type=\"heading.default\">\n\t\t\t\t<div class=\"elementor-widget-container\">\n\t\t\t\t\t<h5 class=\"elementor-heading-title elementor-size-default\">To offer you a much better and accurate response, please fill all fields. Fields marked with an asterisk are mandatory.<\/h5>\t\t\t\t<\/div>\n\t\t\t\t<\/div>\n\t\t\t\t\t<\/div>\n\t\t<\/div>\n\t\t\t\t<div class=\"elementor-column elementor-col-50 elementor-top-column elementor-element elementor-element-6880da6\" data-id=\"6880da6\" data-element_type=\"column\" data-settings=\"{&quot;background_background&quot;:&quot;classic&quot;}\">\n\t\t\t<div class=\"elementor-widget-wrap elementor-element-populated\">\n\t\t\t\t\t\t<div class=\"elementor-element elementor-element-b1a2784 elementor-widget elementor-widget-heading\" data-id=\"b1a2784\" data-element_type=\"widget\" data-widget_type=\"heading.default\">\n\t\t\t\t<div class=\"elementor-widget-container\">\n\t\t\t\t\t<h3 class=\"elementor-heading-title elementor-size-default\">* MULTI HAUL PLEASE SEND A REQUEST TO info@marinarivieranayarit.com, FOR PRICE *<\/h3>\t\t\t\t<\/div>\n\t\t\t\t<\/div>\n\t\t\t\t<div class=\"elementor-element elementor-element-62c7e22 eael-contact-form-7-button-align-left eael-contact-form-7-button-custom elementor-widget elementor-widget-eael-contact-form-7\" data-id=\"62c7e22\" data-element_type=\"widget\" data-widget_type=\"eael-contact-form-7.default\">\n\t\t\t\t<div class=\"elementor-widget-container\">\n\t\t\t\t\t<div class=\"eael-contact-form-7-wrapper\">\n                <div class=\"eael-contact-form eael-contact-form-7 eael-contact-form-62c7e22 placeholder-show eael-contact-form-align-center\">\n<div class=\"wpcf7 no-js\" id=\"wpcf7-f375-o1\" lang=\"es-MX\" dir=\"ltr\" data-wpcf7-id=\"375\">\n<div class=\"screen-reader-response\"><p role=\"status\" aria-live=\"polite\" aria-atomic=\"true\"><\/p> <ul><\/ul><\/div>\n<form action=\"\/en\/wp-json\/wp\/v2\/pages\/156#wpcf7-f375-o1\" method=\"post\" class=\"wpcf7-form init\" aria-label=\"Formulario de contacto\" novalidate=\"novalidate\" data-status=\"init\" data-trp-original-action=\"\/en\/wp-json\/wp\/v2\/pages\/156#wpcf7-f375-o1\">\n<div style=\"display: none;\">\n<input type=\"hidden\" name=\"_wpcf7\" value=\"375\" \/>\n<input type=\"hidden\" name=\"_wpcf7_version\" value=\"6.0.5\" \/>\n<input type=\"hidden\" name=\"_wpcf7_locale\" value=\"es_MX\" \/>\n<input type=\"hidden\" name=\"_wpcf7_unit_tag\" value=\"wpcf7-f375-o1\" \/>\n<input type=\"hidden\" name=\"_wpcf7_container_post\" value=\"0\" \/>\n<input type=\"hidden\" name=\"_wpcf7_posted_data_hash\" value=\"\" \/>\n<input type=\"hidden\" name=\"_wpcf7_recaptcha_response\" value=\"\" \/>\n<\/div>\n<div class=\"formreservaciones\">\n\t<div class=\"nombre\">\n\t\t<p><span>Name<b style=\"color:red\">*<\/b><\/span><br \/>\n<span class=\"wpcf7-form-control-wrap\" data-name=\"nombre\"><input size=\"40\" maxlength=\"400\" class=\"wpcf7-form-control wpcf7-text wpcf7-validates-as-required\" id=\"nombre\" aria-required=\"true\" aria-invalid=\"false\" placeholder=\"Name...\" value=\"\" type=\"text\" name=\"nombre\" \/><\/span>\n\t\t<\/p>\n\t<\/div>\n\t<div class=\"email\">\n\t\t<p><span>Email<b style=\"color:red\">*<\/b><\/span><br \/>\n<span class=\"wpcf7-form-control-wrap\" data-name=\"email\"><input size=\"40\" maxlength=\"400\" class=\"wpcf7-form-control wpcf7-email wpcf7-validates-as-required wpcf7-text wpcf7-validates-as-email\" id=\"email\" aria-required=\"true\" aria-invalid=\"false\" placeholder=\"Email...\" value=\"\" type=\"email\" name=\"email\" \/><\/span>\n\t\t<\/p>\n\t<\/div>\n\t<div class=\"direccion\">\n\t\t<p><span>Address<\/span><br \/>\n<span class=\"wpcf7-form-control-wrap\" data-name=\"direccion\"><input size=\"40\" maxlength=\"400\" class=\"wpcf7-form-control wpcf7-text wpcf7-validates-as-required\" id=\"direccion\" aria-required=\"true\" aria-invalid=\"false\" placeholder=\"Address...\" value=\"\" type=\"text\" name=\"direccion\" \/><\/span>\n\t\t<\/p>\n\t<\/div>\n\t<div class=\"ciudad\">\n\t\t<p><span>City<b style=\"color:red\">*<\/b><\/span><br \/>\n<span class=\"wpcf7-form-control-wrap\" data-name=\"ciudad\"><input size=\"40\" maxlength=\"400\" class=\"wpcf7-form-control wpcf7-text wpcf7-validates-as-required\" id=\"ciudad\" aria-required=\"true\" aria-invalid=\"false\" placeholder=\"City\" value=\"\" type=\"text\" name=\"ciudad\" \/><\/span>\n\t\t<\/p>\n\t<\/div>\n\t<div class=\"estado\">\n\t\t<p><span>State | Provincie | Region<b style=\"color:red\">*<\/b><span><br \/>\n<span class=\"wpcf7-form-control-wrap\" data-name=\"estado\"><input size=\"40\" maxlength=\"400\" class=\"wpcf7-form-control wpcf7-text wpcf7-validates-as-required\" id=\"estado\" aria-required=\"true\" aria-invalid=\"false\" placeholder=\"State | Province | Region\" value=\"\" type=\"text\" name=\"estado\" \/><\/span><br \/>\n<\/span><\/span>\n\t\t<\/p>\n\t<\/div>\n\t<div class=\"cp\">\n\t\t<p><span>Postal | ZIP Code<b style=\"color:red\">*<\/b><\/span><br \/>\n<span class=\"wpcf7-form-control-wrap\" data-name=\"cp\"><input class=\"wpcf7-form-control wpcf7-number wpcf7-validates-as-required wpcf7-validates-as-number\" id=\"cp\" aria-required=\"true\" aria-invalid=\"false\" placeholder=\"Postal | ZIP Code\" value=\"\" type=\"number\" name=\"cp\" \/><\/span>\n\t\t<\/p>\n\t<\/div>\n\t<div class=\"pais\">\n\t\t<p><span>Country<b style=\"color:red\">*<\/b><\/span><br \/>\n<span class=\"wpcf7-form-control-wrap\" data-name=\"pais\"><input size=\"40\" maxlength=\"400\" class=\"wpcf7-form-control wpcf7-text wpcf7-validates-as-required\" id=\"pais\" aria-required=\"true\" aria-invalid=\"false\" placeholder=\"Country\" value=\"\" type=\"text\" name=\"pais\" \/><\/span>\n\t\t<\/p>\n\t<\/div>\n\t<div class=\"telefono\">\n\t\t<p><span>Phone<\/span><br \/>\n<span class=\"wpcf7-form-control-wrap\" data-name=\"telefono\"><input size=\"40\" maxlength=\"400\" class=\"wpcf7-form-control wpcf7-tel wpcf7-text wpcf7-validates-as-tel\" id=\"telefono\" aria-invalid=\"false\" placeholder=\"Phone\" value=\"\" type=\"tel\" name=\"telefono\" \/><\/span>\n\t\t<\/p>\n\t<\/div>\n\t<h3>Boat Information\n\t<\/h3>\n\t<div class=\"nombre\">\n\t\t<p><span>Boat name<b style=\"color:red\">*<\/b><\/span><br \/>\n<span class=\"wpcf7-form-control-wrap\" data-name=\"nombre-barco\"><input size=\"40\" maxlength=\"400\" class=\"wpcf7-form-control wpcf7-text wpcf7-validates-as-required\" aria-required=\"true\" aria-invalid=\"false\" placeholder=\"Vessel Name\" value=\"\" type=\"text\" name=\"nombre-barco\" \/><\/span>\n\t\t<\/p>\n\t<\/div>\n\t<div class=\"nombre\">\n\t\t<p><span>Captain's Name<b style=\"color:red\">*<\/b><\/span><br \/>\n<span class=\"wpcf7-form-control-wrap\" data-name=\"nombre-capitan\"><input size=\"40\" maxlength=\"400\" class=\"wpcf7-form-control wpcf7-text wpcf7-validates-as-required\" aria-required=\"true\" aria-invalid=\"false\" placeholder=\"Captain&#039;s Name\" value=\"\" type=\"text\" name=\"nombre-capitan\" \/><\/span>\n\t\t<\/p>\n\t<\/div>\n\t<div class=\"eslora\">\n\t\t<p><span>Length (ft)<b style=\"color:red\">*<\/b><\/span><br \/>\n<span class=\"wpcf7-form-control-wrap\" data-name=\"eslora\"><input class=\"wpcf7-form-control wpcf7-number wpcf7-validates-as-required wpcf7-validates-as-number\" id=\"eslora\" aria-required=\"true\" aria-invalid=\"false\" placeholder=\"Length (ft)\" value=\"\" type=\"number\" name=\"eslora\" \/><\/span>\n\t\t<\/p>\n\t<\/div>\n\t<div class=\"manga\">\n\t\t<p><span>Beam (Ft) *<b style=\"color:red\">*<\/b><\/span><br \/>\n<span class=\"wpcf7-form-control-wrap\" data-name=\"manga\"><input class=\"wpcf7-form-control wpcf7-number wpcf7-validates-as-required wpcf7-validates-as-number\" id=\"manga\" aria-required=\"true\" aria-invalid=\"false\" placeholder=\"Beam (Ft) *\" value=\"\" type=\"number\" name=\"manga\" \/><\/span>\n\t\t<\/p>\n\t<\/div>\n\t<div class=\"calado\">\n\t\t<p><span>Draft (Ft) *<b style=\"color:red\">*<\/b><\/span><br \/>\n<span class=\"wpcf7-form-control-wrap\" data-name=\"calado\"><input class=\"wpcf7-form-control wpcf7-number wpcf7-validates-as-required wpcf7-validates-as-number\" id=\"calado\" aria-required=\"true\" aria-invalid=\"false\" placeholder=\"Draft (Ft) *\" value=\"\" type=\"number\" name=\"calado\" \/><\/span>\n\t\t<\/p>\n\t<\/div>\n\t<div class=\"registracion\">\n\t\t<p><span>Registration number | Documentation number<b style=\"color:red\">*<\/b><\/span><br \/>\n<span class=\"wpcf7-form-control-wrap\" data-name=\"registracion\"><input size=\"40\" maxlength=\"400\" class=\"wpcf7-form-control wpcf7-text wpcf7-validates-as-required\" id=\"registracion\" aria-required=\"true\" aria-invalid=\"false\" placeholder=\"N\u00famero de registro\" value=\"\" type=\"text\" name=\"registracion\" \/><\/span>\n\t\t<\/p>\n\t<\/div>\n\t<div class=\"tip\">\n\t\t<p><span>Temporary Import Pediment Number (TIP)<\/span><br \/>\n<span class=\"wpcf7-form-control-wrap\" data-name=\"tip\"><input size=\"40\" maxlength=\"400\" class=\"wpcf7-form-control wpcf7-text\" id=\"tip\" aria-invalid=\"false\" placeholder=\"TIP...\" value=\"\" type=\"text\" name=\"tip\" \/><\/span>\n\t\t<\/p>\n\t<\/div>\n\t<div class=\"tipo\">\n\t\t<p><span>Type<b style=\"color:red\">*<\/b><\/span><br \/>\n<span class=\"wpcf7-form-control-wrap\" data-name=\"tipo\"><select class=\"wpcf7-form-control wpcf7-select wpcf7-validates-as-required\" id=\"tipo\" aria-required=\"true\" aria-invalid=\"false\" name=\"tipo\"><option value=\"Seleccionar Tipo\">Seleccionar Tipo<\/option><option value=\"Sail\">Sail<\/option><option value=\"Power\">Power<\/option><\/select><\/span>\n\t\t<\/p>\n\t<\/div>\n\t<h3>Reservations dates and special requests\n\t<\/h3>\n\t<div class=\"llegada\">\n\t\t<p><span>Arrival date<b style=\"color:red\">*<\/b><\/span><br \/>\n<span class=\"wpcf7-form-control-wrap\" data-name=\"llegada\"><input class=\"wpcf7-form-control wpcf7-date wpcf7-validates-as-required wpcf7-validates-as-date\" id=\"llegada\" aria-required=\"true\" aria-invalid=\"false\" value=\"\" type=\"date\" name=\"llegada\" \/><\/span>\n\t\t<\/p>\n\t<\/div>\n\t<div class=\"salida\">\n\t\t<p><span>Depature date<b style=\"color:red\">*<\/b><\/span><br \/>\n<span class=\"wpcf7-form-control-wrap\" data-name=\"salida\"><input class=\"wpcf7-form-control wpcf7-date wpcf7-validates-as-required wpcf7-validates-as-date\" id=\"salida\" aria-required=\"true\" aria-invalid=\"false\" value=\"\" type=\"date\" name=\"salida\" \/><\/span>\n\t\t<\/p>\n\t<\/div>\n\t<div class=\"Amps\">\n\t\t<p><span>Amps<b style=\"color:red\">*<\/b><\/span><br \/>\n<span class=\"wpcf7-form-control-wrap\" data-name=\"amps\"><select class=\"wpcf7-form-control wpcf7-select wpcf7-validates-as-required\" id=\"amps\" aria-required=\"true\" aria-invalid=\"false\" name=\"amps\"><option value=\"Seleccionar Amps\">Seleccionar Amps<\/option><option value=\"30\">30<\/option><option value=\"50\">50<\/option><option value=\"100\">100<\/option><\/select><\/span>\n\t\t<\/p>\n\t<\/div>\n\t<div class=\"req\">\n\t\t<p><span>Comments and requirements<\/span><br \/>\n<span class=\"wpcf7-form-control-wrap\" data-name=\"requerimientos\"><textarea cols=\"40\" rows=\"10\" maxlength=\"2000\" class=\"wpcf7-form-control wpcf7-textarea\" id=\"req\" aria-invalid=\"false\" name=\"requerimientos\"><\/textarea><\/span>\n\t\t<\/p>\n\t<\/div>\n\t<h3 class=\"txt_res\"><br \/>\nContact channel <b>16VHF<\/b> at your arrival<br \/>\nOr call The Marina phone number<br \/>\n<b>+52 329 295 5526 <\/b>\n\t<\/h3>\n\t<p><input class=\"wpcf7-form-control wpcf7-submit has-spinner\" id=\"enviar\" type=\"submit\" value=\"Send Message\" \/>\n\t<\/p>\n<\/div><p style=\"display: none !important;\" class=\"akismet-fields-container\" data-prefix=\"_wpcf7_ak_\"><label>&#916;<textarea name=\"_wpcf7_ak_hp_textarea\" cols=\"45\" rows=\"8\" maxlength=\"100\"><\/textarea><\/label><input type=\"hidden\" id=\"ak_js_1\" name=\"_wpcf7_ak_js\" value=\"194\"\/><script>document.getElementById( \"ak_js_1\" ).setAttribute( \"value\", ( new Date() ).getTime() );<\/script><\/p><div class=\"wpcf7-response-output\" aria-hidden=\"true\"><\/div>\n<input type=\"hidden\" name=\"trp-form-language\" value=\"en\"\/><\/form>\n<\/div>\n<\/div>\n            <\/div>\t\t\t\t<\/div>\n\t\t\t\t<\/div>\n\t\t\t\t\t<\/div>\n\t\t<\/div>\n\t\t\t\t\t<\/div>\n\t\t<\/section>\n\t\t\t\t<\/div>","protected":false},"excerpt":{"rendered":"<p>Solicitar una Reservaci\u00f3n *Queremos ofrecerle un excelente servicio, y para lograrlo necesitamos toda la informaci\u00f3n que pueda ofrecernos. los campos Marcados con asteriscos con obligatorios. *PARA TARIFAS DE CATAMARANES Y TRIMARANES FAVOR DE SOLICITAR COTIZACI\u00d3N AL CORREO DIRECTO info@marinarivieranayarit.com* Nombre* Email* Direcci\u00f3n Ciudad* Estado \/Provincia* C\u00f3digo Postal* Pa\u00eds* Telefono Informaci\u00f3n del Barco Nombre de la &hellip;<\/p>\n<p class=\"read-more\"> <a class=\"\" href=\"https:\/\/marinarivieranayarit.com\/en\/solicitar-reservacion\/\"> <span class=\"screen-reader-text\">Request<\/span> Read More &raquo;<\/a><\/p>","protected":false},"author":1,"featured_media":0,"parent":0,"menu_order":0,"comment_status":"closed","ping_status":"closed","template":"","meta":{"site-sidebar-layout":"no-sidebar","site-content-layout":"page-builder","ast-global-header-display":"","ast-main-header-display":"","ast-hfb-above-header-display":"","ast-hfb-below-header-display":"","ast-hfb-mobile-header-display":"","site-post-title":"disabled","ast-breadcrumbs-content":"","ast-featured-img":"disabled","footer-sml-layout":"","theme-transparent-header-meta":"","adv-header-id-meta":"","stick-header-meta":"","header-above-stick-meta":"","header-main-stick-meta":"","header-below-stick-meta":"","footnotes":""},"class_list":["post-156","page","type-page","status-publish","hentry"],"yoast_head":"<!-- This site is optimized with the Yoast SEO plugin v24.8.1 - https:\/\/yoast.com\/wordpress\/plugins\/seo\/ -->\n<title>Solicitar Reservaci\u00f3n - Marina Riviera Nayarit at La Cruz<\/title>\n<meta name=\"description\" content=\"Marina Riviera Nayarit at La Cruz en La Cruz de Huanacaxtle fu\u00e9 dise\u00f1ada para ser la mejor marina de M\u00e9xico ofreciendo servicios de la m\u00e1s alta calidad dentro de todo el complejo.\" \/>\n<meta name=\"robots\" content=\"index, follow, max-snippet:-1, max-image-preview:large, max-video-preview:-1\" \/>\n<link rel=\"canonical\" href=\"https:\/\/marinarivieranayarit.com\/en\/solicitar-reservacion\/\" \/>\n<meta property=\"og:locale\" content=\"en_US\" \/>\n<meta property=\"og:type\" content=\"article\" \/>\n<meta property=\"og:title\" content=\"Solicitar Reservaci\u00f3n - Marina Riviera Nayarit at La Cruz\" \/>\n<meta property=\"og:description\" content=\"Marina Riviera Nayarit at La Cruz en La Cruz de Huanacaxtle fu\u00e9 dise\u00f1ada para ser la mejor marina de M\u00e9xico ofreciendo servicios de la m\u00e1s alta calidad dentro de todo el complejo.\" \/>\n<meta property=\"og:url\" content=\"https:\/\/marinarivieranayarit.com\/en\/solicitar-reservacion\/\" \/>\n<meta property=\"og:site_name\" content=\"Marina Riviera Nayarit at La Cruz\" \/>\n<meta property=\"article:modified_time\" content=\"2023-03-02T21:20:09+00:00\" \/>\n<meta name=\"twitter:card\" content=\"summary_large_image\" \/>\n<meta name=\"twitter:label1\" content=\"Est. reading time\" \/>\n\t<meta name=\"twitter:data1\" content=\"1 minute\" \/>\n<script type=\"application\/ld+json\" class=\"yoast-schema-graph\">{\"@context\":\"https:\/\/schema.org\",\"@graph\":[{\"@type\":\"WebPage\",\"@id\":\"https:\/\/marinarivieranayarit.com\/solicitar-reservacion\/\",\"url\":\"https:\/\/marinarivieranayarit.com\/solicitar-reservacion\/\",\"name\":\"Solicitar Reservaci\u00f3n - Marina Riviera Nayarit at La Cruz\",\"isPartOf\":{\"@id\":\"https:\/\/marinarivieranayarit.com\/#website\"},\"datePublished\":\"2022-07-03T07:35:25+00:00\",\"dateModified\":\"2023-03-02T21:20:09+00:00\",\"description\":\"Marina Riviera Nayarit at La Cruz en La Cruz de Huanacaxtle fu\u00e9 dise\u00f1ada para ser la mejor marina de M\u00e9xico ofreciendo servicios de la m\u00e1s alta calidad dentro de todo el complejo.\",\"breadcrumb\":{\"@id\":\"https:\/\/marinarivieranayarit.com\/solicitar-reservacion\/#breadcrumb\"},\"inLanguage\":\"en-US\",\"potentialAction\":[{\"@type\":\"ReadAction\",\"target\":[\"https:\/\/marinarivieranayarit.com\/solicitar-reservacion\/\"]}]},{\"@type\":\"BreadcrumbList\",\"@id\":\"https:\/\/marinarivieranayarit.com\/solicitar-reservacion\/#breadcrumb\",\"itemListElement\":[{\"@type\":\"ListItem\",\"position\":1,\"name\":\"Portada\",\"item\":\"https:\/\/marinarivieranayarit.com\/\"},{\"@type\":\"ListItem\",\"position\":2,\"name\":\"Solicitar Reservaci\u00f3n\"}]},{\"@type\":\"WebSite\",\"@id\":\"https:\/\/marinarivieranayarit.com\/#website\",\"url\":\"https:\/\/marinarivieranayarit.com\/\",\"name\":\"Marina Riviera Nayarit at La Cruz\",\"description\":\"Cruz de Huanacaxtle\",\"publisher\":{\"@id\":\"https:\/\/marinarivieranayarit.com\/#organization\"},\"potentialAction\":[{\"@type\":\"SearchAction\",\"target\":{\"@type\":\"EntryPoint\",\"urlTemplate\":\"https:\/\/marinarivieranayarit.com\/?s={search_term_string}\"},\"query-input\":{\"@type\":\"PropertyValueSpecification\",\"valueRequired\":true,\"valueName\":\"search_term_string\"}}],\"inLanguage\":\"en-US\"},{\"@type\":\"Organization\",\"@id\":\"https:\/\/marinarivieranayarit.com\/#organization\",\"name\":\"Marina Riviera Nayarit at La Cruz\",\"url\":\"https:\/\/marinarivieranayarit.com\/\",\"logo\":{\"@type\":\"ImageObject\",\"inLanguage\":\"en-US\",\"@id\":\"https:\/\/marinarivieranayarit.com\/#\/schema\/logo\/image\/\",\"url\":\"https:\/\/marinarivieranayarit.com\/wp-content\/uploads\/2022\/07\/logo-1.png\",\"contentUrl\":\"https:\/\/marinarivieranayarit.com\/wp-content\/uploads\/2022\/07\/logo-1.png\",\"width\":245,\"height\":70,\"caption\":\"Marina Riviera Nayarit at La Cruz\"},\"image\":{\"@id\":\"https:\/\/marinarivieranayarit.com\/#\/schema\/logo\/image\/\"}}]}<\/script>\n<!-- \/ Yoast SEO plugin. -->","yoast_head_json":{"title":"Solicitar Reservaci\u00f3n - Marina Riviera Nayarit at La Cruz","description":"Marina Riviera Nayarit at La Cruz en La Cruz de Huanacaxtle fu\u00e9 dise\u00f1ada para ser la mejor marina de M\u00e9xico ofreciendo servicios de la m\u00e1s alta calidad dentro de todo el complejo.","robots":{"index":"index","follow":"follow","max-snippet":"max-snippet:-1","max-image-preview":"max-image-preview:large","max-video-preview":"max-video-preview:-1"},"canonical":"https:\/\/marinarivieranayarit.com\/en\/solicitar-reservacion\/","og_locale":"en_US","og_type":"article","og_title":"Solicitar Reservaci\u00f3n - Marina Riviera Nayarit at La Cruz","og_description":"Marina Riviera Nayarit at La Cruz en La Cruz de Huanacaxtle fu\u00e9 dise\u00f1ada para ser la mejor marina de M\u00e9xico ofreciendo servicios de la m\u00e1s alta calidad dentro de todo el complejo.","og_url":"https:\/\/marinarivieranayarit.com\/en\/solicitar-reservacion\/","og_site_name":"Marina Riviera Nayarit at La Cruz","article_modified_time":"2023-03-02T21:20:09+00:00","twitter_card":"summary_large_image","twitter_misc":{"Est. reading time":"1 minute"},"schema":{"@context":"https:\/\/schema.org","@graph":[{"@type":"WebPage","@id":"https:\/\/marinarivieranayarit.com\/solicitar-reservacion\/","url":"https:\/\/marinarivieranayarit.com\/solicitar-reservacion\/","name":"Solicitar Reservaci\u00f3n - Marina Riviera Nayarit at La Cruz","isPartOf":{"@id":"https:\/\/marinarivieranayarit.com\/#website"},"datePublished":"2022-07-03T07:35:25+00:00","dateModified":"2023-03-02T21:20:09+00:00","description":"Marina Riviera Nayarit at La Cruz en La Cruz de Huanacaxtle fu\u00e9 dise\u00f1ada para ser la mejor marina de M\u00e9xico ofreciendo servicios de la m\u00e1s alta calidad dentro de todo el complejo.","breadcrumb":{"@id":"https:\/\/marinarivieranayarit.com\/solicitar-reservacion\/#breadcrumb"},"inLanguage":"en-US","potentialAction":[{"@type":"ReadAction","target":["https:\/\/marinarivieranayarit.com\/solicitar-reservacion\/"]}]},{"@type":"BreadcrumbList","@id":"https:\/\/marinarivieranayarit.com\/solicitar-reservacion\/#breadcrumb","itemListElement":[{"@type":"ListItem","position":1,"name":"Portada","item":"https:\/\/marinarivieranayarit.com\/"},{"@type":"ListItem","position":2,"name":"Solicitar Reservaci\u00f3n"}]},{"@type":"WebSite","@id":"https:\/\/marinarivieranayarit.com\/#website","url":"https:\/\/marinarivieranayarit.com\/","name":"Marina Riviera Nayarit at La Cruz","description":"Cruz de Huanacaxtle","publisher":{"@id":"https:\/\/marinarivieranayarit.com\/#organization"},"potentialAction":[{"@type":"SearchAction","target":{"@type":"EntryPoint","urlTemplate":"https:\/\/marinarivieranayarit.com\/?s={search_term_string}"},"query-input":{"@type":"PropertyValueSpecification","valueRequired":true,"valueName":"search_term_string"}}],"inLanguage":"en-US"},{"@type":"Organization","@id":"https:\/\/marinarivieranayarit.com\/#organization","name":"Marina Riviera Nayarit at La Cruz","url":"https:\/\/marinarivieranayarit.com\/","logo":{"@type":"ImageObject","inLanguage":"en-US","@id":"https:\/\/marinarivieranayarit.com\/#\/schema\/logo\/image\/","url":"https:\/\/marinarivieranayarit.com\/wp-content\/uploads\/2022\/07\/logo-1.png","contentUrl":"https:\/\/marinarivieranayarit.com\/wp-content\/uploads\/2022\/07\/logo-1.png","width":245,"height":70,"caption":"Marina Riviera Nayarit at La Cruz"},"image":{"@id":"https:\/\/marinarivieranayarit.com\/#\/schema\/logo\/image\/"}}]}},"_links":{"self":[{"href":"https:\/\/marinarivieranayarit.com\/en\/wp-json\/wp\/v2\/pages\/156","targetHints":{"allow":["GET"]}}],"collection":[{"href":"https:\/\/marinarivieranayarit.com\/en\/wp-json\/wp\/v2\/pages"}],"about":[{"href":"https:\/\/marinarivieranayarit.com\/en\/wp-json\/wp\/v2\/types\/page"}],"author":[{"embeddable":true,"href":"https:\/\/marinarivieranayarit.com\/en\/wp-json\/wp\/v2\/users\/1"}],"replies":[{"embeddable":true,"href":"https:\/\/marinarivieranayarit.com\/en\/wp-json\/wp\/v2\/comments?post=156"}],"version-history":[{"count":26,"href":"https:\/\/marinarivieranayarit.com\/en\/wp-json\/wp\/v2\/pages\/156\/revisions"}],"predecessor-version":[{"id":2275,"href":"https:\/\/marinarivieranayarit.com\/en\/wp-json\/wp\/v2\/pages\/156\/revisions\/2275"}],"wp:attachment":[{"href":"https:\/\/marinarivieranayarit.com\/en\/wp-json\/wp\/v2\/media?parent=156"}],"curies":[{"name":"wp","href":"https:\/\/api.w.org\/{rel}","templated":true}]}}